{"id":1362,"date":"2020-06-09T16:14:58","date_gmt":"2020-06-09T15:14:58","guid":{"rendered":"https:\/\/godollo.urbango.hu\/?page_id=1362"},"modified":"2020-07-15T14:18:55","modified_gmt":"2020-07-15T13:18:55","slug":"visszajovunk","status":"publish","type":"page","link":"https:\/\/godollo.urbango.hu\/en\/visszajovunk\/","title":{"rendered":"Visszaj\u00f6v\u00fcnk"},"content":{"rendered":"<h2 class=\"wp-block-heading\">Visszaj\u00f6v\u00fcnk!<\/h2>\n\n\n\n<p>A hossz\u00fa bez\u00e1rts\u00e1g ut\u00e1n kalandozz id\u00e9n ny\u00e1ron G\u00f6d\u00f6ll\u0151 utc\u00e1in, fedezd  fel a v\u00e1ros titkos r\u00e9szleteit, tal\u00e1ld meg a kincset, ami csak R\u00e1d v\u00e1r! <\/p>\n\n\n\n<p><strong>2020. j\u00fanius 1. \u00e9s <strong>augusztus<\/strong> 15. k\u00f6z\u00f6tt minden kincskeres\u0151 t\u00fara 19.000 Ft helyett 15.000 Ft-ba ker\u00fcl, a kedvezm\u00e9ny \u00e9rv\u00e9nyes\u00edt\u00e9s\u00e9hez foglal\u00e1skor a kuponk\u00f3dmez\u0151be \u00edrd be: VISSZAJ\u00d6V\u00dcNK!<\/strong><\/p>\n\n\n\n<p>T\u00e9rj vissza vel\u00fcnk! Kalandra fel!<\/p>\n\n\n\n<a href=\"https:\/\/godollo.urbango.hu\/en\/\" id=\"scroll\" class=\"button big\" style=\"margin-top:30px\">P\u00e1ly\u00e1k \u00e9s id\u0151pont foglal\u00e1s<\/a>\n\n\n<p><!--EndFragment--><\/p>","protected":false},"excerpt":{"rendered":"<p>Visszaj\u00f6v\u00fcnk! A hossz\u00fa bez\u00e1rts\u00e1g ut\u00e1n kalandozz id\u00e9n ny\u00e1ron G\u00f6d\u00f6ll\u0151 utc\u00e1in, fedezd fel a v\u00e1ros titkos r\u00e9szleteit, tal\u00e1ld meg a kincset, ami csak R\u00e1d v\u00e1r! 2020. j\u00fanius 1. \u00e9s augusztus 15. k\u00f6z\u00f6tt minden kincskeres\u0151 t\u00fara 19.000 Ft helyett 15.000 Ft-ba ker\u00fcl, a kedvezm\u00e9ny \u00e9rv\u00e9nyes\u00edt\u00e9s\u00e9hez foglal\u00e1skor a kuponk\u00f3dmez\u0151be \u00edrd be: VISSZAJ\u00d6V\u00dcNK! T\u00e9rj vissza vel\u00fcnk! Kalandra fel! P\u00e1ly\u00e1k [&hellip;]<\/p>","protected":false},"author":1,"featured_media":0,"parent":0,"menu_order":0,"comment_status":"closed","ping_status":"closed","template":"visszajovunk.php","meta":{"_acf_changed":false,"footnotes":""},"class_list":["post-1362","page","type-page","status-publish","hentry"],"acf":[],"_links":{"self":[{"href":"https:\/\/godollo.urbango.hu\/en\/wp-json\/wp\/v2\/pages\/1362"}],"collection":[{"href":"https:\/\/godollo.urbango.hu\/en\/wp-json\/wp\/v2\/pages"}],"about":[{"href":"https:\/\/godollo.urbango.hu\/en\/wp-json\/wp\/v2\/types\/page"}],"author":[{"embeddable":true,"href":"https:\/\/godollo.urbango.hu\/en\/wp-json\/wp\/v2\/users\/1"}],"replies":[{"embeddable":true,"href":"https:\/\/godollo.urbango.hu\/en\/wp-json\/wp\/v2\/comments?post=1362"}],"version-history":[{"count":2,"href":"https:\/\/godollo.urbango.hu\/en\/wp-json\/wp\/v2\/pages\/1362\/revisions"}],"predecessor-version":[{"id":1531,"href":"https:\/\/godollo.urbango.hu\/en\/wp-json\/wp\/v2\/pages\/1362\/revisions\/1531"}],"wp:attachment":[{"href":"https:\/\/godollo.urbango.hu\/en\/wp-json\/wp\/v2\/media?parent=1362"}],"curies":[{"name":"wp","href":"https:\/\/api.w.org\/{rel}","templated":true}]}}