{"id":45,"date":"2019-11-14T10:45:54","date_gmt":"2019-11-14T10:45:54","guid":{"rendered":"http:\/\/godollo.urbango.hu\/?page_id=45"},"modified":"2021-03-21T17:14:44","modified_gmt":"2021-03-21T15:14:44","slug":"altalanos-szerzodesi-feltetelek","status":"publish","type":"page","link":"https:\/\/godollo.urbango.hu\/en\/altalanos-szerzodesi-feltetelek\/","title":{"rendered":"\u00c1ltal\u00e1nos Szerz\u0151d\u00e9si Felt\u00e9telek"},"content":{"rendered":"<p>Amely l\u00e9trej\u00f6tt az Urbango g\u00f6d\u00f6ll\u0151i p\u00e1ly\u00e1j\u00e1t \u00fczemeltet\u0151 Wangor Kft. (2100 G\u00f6d\u00f6ll\u0151, Alma utca 57., tov\u00e1bbiakban: Szolg\u00e1ltat\u00f3), \u00e9s a weboldalon megv\u00e1s\u00e1rolt Urbango nyomkeres\u0151 v\u00e1rosn\u00e9z\u0151 kalandoz\u00e1s szolg\u00e1ltat\u00e1s (tov\u00e1bbiakban: Urbango) ig\u00e9nybevev\u0151je ( a tov\u00e1bbiakban: Felhaszn\u00e1l\u00f3) k\u00f6z\u00f6tt.<\/p>\n\n\n\n<p><\/p>\n\n\n\n<p>Az Urbango weboldal a www.urbango.hu webc\u00edmen \u00e9rhet\u0151 el<\/p>\n\n\n\n<h2 class=\"wp-block-heading\">1. Foglal\u00e1s<\/h2>\n\n\n\n<p>(1) A Weboldal l\u00e1togat\u00e1sa, valamint a lehets\u00e9ges foglal\u00e1si id\u0151pontok megtekint\u00e9se el\u0151zetes regisztr\u00e1ci\u00f3hoz nem k\u00f6t\u00f6tt. Az Urbango a sikeres id\u0151pontfoglal\u00e1st k\u00f6vet\u0151en vehet\u0151 ig\u00e9nybe.<\/p>\n\n\n\n<p>A foglal\u00e1s a menete:<\/p>\n\n\n\n<p>\u2022 Foglal\u00f3 \u0171rlap kit\u00f6lt\u00e9se val\u00f3s adatokkal<\/p>\n\n\n\n<p>\u2022 A rendszert\u0151l kapott automatikus e-mail \u00fczenetben foglaltak szerint a r\u00e9szv\u00e9teli d\u00edj \u00e1tutal\u00e1sa<\/p>\n\n\n\n<p>\u2022 A Szolg\u00e1ltat\u00f3t\u00f3l kapott e-mail \u00fczenet a r\u00e9szv\u00e9teli d\u00edj Szolg\u00e1ltat\u00f3 sz\u00e1ml\u00e1j\u00e1n val\u00f3 j\u00f3v\u00e1\u00edr\u00e1s\u00e1r\u00f3l, amely tartalmazza valamennyi inform\u00e1ci\u00f3t a j\u00e1t\u00e9k megkezd\u00e9s\u00e9vel kapcsolatban.<\/p>\n\n\n\n<p>\u2022 Az \u00e1tutal\u00e1s hat\u00e1rid\u0151re meg nem \u00e9rkezte eset\u00e9n a foglal\u00e1st automatikusan t\u00f6rli a Szolg\u00e1ltat\u00f3.<\/p>\n\n\n\n<p>(2) A foglal\u00e1s alkalm\u00e1val a Felhaszn\u00e1l\u00f3 az al\u00e1bbi adatokat adja meg:<\/p>\n\n\n\n<p>\u2022 e-mailc\u00edm (k\u00f6telez\u0151)<\/p>\n\n\n\n<p>\u2022 n\u00e9v (k\u00f6telez\u0151)<\/p>\n\n\n\n<p>\u2022 telefonsz\u00e1m (nem k\u00f6telez\u0151)<\/p>\n\n\n\n<p>A foglal\u00e1s sor\u00e1n elfogad\u00e1sra ker\u00fclnek a Weboldal \u00e9s az Urbango haszn\u00e1lat\u00e1ra vonatkoz\u00f3, jelen szerz\u0151d\u00e9sben szab\u00e1lyozott \u00c1ltal\u00e1nos Szerz\u0151d\u00e9si Felt\u00e9telek.<\/p>\n\n\n\n<p>(3) A Szolg\u00e1ltat\u00f3 nem felel a foglal\u00e1s sor\u00e1n megadott adatok pontatlans\u00e1g\u00e1b\u00f3l ered\u0151 k\u00e1rok\u00e9rt.<\/p>\n\n\n\n<p>(4) A foglal\u00e1s sor\u00e1n megadott adatokat a Felhaszn\u00e1l\u00f3 azonos\u00edt\u00e1sa, valamint a sz\u00e1mla ki\u00e1ll\u00edt\u00e1sa \u00e9rdek\u00e9ben kezeli a Szolg\u00e1ltat\u00f3.<\/p>\n\n\n\n<h2 class=\"wp-block-heading\">2. A foglal\u00e1s lemond\u00e1sa<\/h2>\n\n\n\n<p>(1) A regisztr\u00e1lt \u00e9s m\u00e1r kifizetett foglal\u00e1st a Felhaszn\u00e1l\u00f3 e-mailben k\u00fcld\u00f6tt \u00fczenetben mondhatja le.<\/p>\n\n\n\n<p>(2) Amennyiben a Felhaszn\u00e1l\u00f3 a m\u00e1r kifizetett foglal\u00e1st legal\u00e1bb 48 \u00f3r\u00e1val a lefoglalt id\u0151pont el\u0151tt lemondja, a Szolg\u00e1ltat\u00f3 visszautalja a d\u00edj teljes \u00f6sszeg\u00e9t.<\/p>\n\n\n\n<p>(3) A lefoglalt id\u0151pontot megel\u0151z\u0151 48 \u00f3r\u00e1n bel\u00fcl t\u00f6rt\u00e9n\u0151 lemond\u00e1s eset\u00e9n a Felhaszn\u00e1l\u00f3 a d\u00edj visszautal\u00e1s\u00e1ra nem tarthat ig\u00e9nyt, azonban a Szolg\u00e1ltat\u00f3 lehet\u0151s\u00e9get ad egy m\u00e1sik id\u0151pont lefoglal\u00e1s\u00e1ra.<\/p>\n\n\n\n<h2 class=\"wp-block-heading\">3. Fizet\u00e9s<\/h2>\n\n\n\n<p>(1) Fizet\u00e9s banki \u00e1tutal\u00e1ssal \u00e9s bankk\u00e1rty\u00e1s fizet\u00e9ssel lehets\u00e9ges. Az \u00e1tutal\u00e1s vagy bankk\u00e1rty\u00e1s fizet\u00e9s teljes\u00fcl\u00e9se ut\u00e1n k\u00f6nyvel\u00e9sre ker\u00fcl a befizet\u00e9s, \u00e9s ezut\u00e1n Szolg\u00e1ltat\u00f3 elektronikus sz\u00e1ml\u00e1t k\u00fcld a foglal\u00e1skor megadott e-mail c\u00edmre.<\/p>\n\n\n\n<h2 class=\"wp-block-heading\">4. R\u00e9szv\u00e9teli felt\u00e9telek<\/h2>\n\n\n\n<p>(1) Az Urbangoban mindenki kiz\u00e1r\u00f3lag saj\u00e1t felel\u0151ss\u00e9g\u00e9re vesz r\u00e9szt.<\/p>\n\n\n\n<p>(2) 14. \u00e9let\u00e9v\u00e9t be nem t\u00f6lt\u00f6tt szem\u00e9ly kiz\u00e1r\u00f3lag nagykor\u00fa k\u00eds\u00e9r\u0151vel vehet r\u00e9szt az Urbangoban. Legink\u00e1bb sz\u00fcl\u0151 javallott.<\/p>\n\n\n\n<p>(3) Az Urbangoban alkohol vagy egy\u00e9b tudatm\u00f3dos\u00edt\u00f3 szer hat\u00e1sa alatt \u00e1ll\u00f3 szem\u00e9ly nem vehet r\u00e9szt.<\/p>\n\n\n\n<p>(4) Az Urbango id\u0151tartama a Felhaszn\u00e1l\u00f3 \u00e1ltal v\u00e1lasztott temp\u00f3t\u00f3l \u00e9s feladatmegold\u00f3 k\u00e9pess\u00e9g\u00e9t\u0151l f\u00fcgg\u0151en 2 \u00f3r\u00e1t\u00f3l ak\u00e1r 6-7 \u00f3r\u00e1ig terjedhet.<\/p>\n\n\n\n<p>(5) A Felhaszn\u00e1l\u00f3nak a j\u00e1t\u00e9k teljes id\u0151tartama alatt rendelkeznie kell egy darab okostelefonnal.<\/p>\n\n\n\n<p>(6) Az Urbangoban csak olyan Felhaszn\u00e1l\u00f3 vehet r\u00e9szt, aki k\u00e9pes egy nagyj\u00e1b\u00f3l 5 km-es gyalogos t\u00fara teljes\u00edt\u00e9s\u00e9re.<\/p>\n\n\n\n<h2 class=\"wp-block-heading\">5. Mobil alkalmaz\u00e1s<\/h2>\n\n\n\n<p>(1) Amennyiben valamely r\u00e9sztvev\u0151 az Urbango sor\u00e1n elakad, lehet\u0151s\u00e9ge van, az el\u0151re let\u00f6lt\u00f6tt Urbango mobil alkamzaz\u00e1sban seg\u00edts\u00e9get k\u00e9rni.<\/p>\n\n\n\n<h2 class=\"wp-block-heading\">6. K\u00f6zvet\u00edt\u00e9s<\/h2>\n\n\n\n<p>(1) A Szervez\u0151 harmadik felek (a tov\u00e1bbiakban: \u201ePartnerek\u201d) szolg\u00e1ltat\u00e1sait, \u00edgy k\u00fcl\u00f6n\u00f6sen vend\u00e9gl\u00e1t\u00e1si szolg\u00e1ltat\u00e1sait k\u00f6zvet\u00edti a r\u00e9sztvev\u0151k fel\u00e9.<\/p>\n\n\n\n<p>(2) A r\u00e9sztvev\u0151k tudom\u00e1sul veszik, hogy ezen k\u00f6zvet\u00edtett szolg\u00e1ltat\u00e1sok\u00e9rt a Szervez\u0151 semmif\u00e9le felel\u0151s\u00e9get nem v\u00e1llal, a szolg\u00e1ltat\u00e1sokat a Partnerek ny\u00fajtj\u00e1k a r\u00e9sztvev\u0151k fel\u00e9.<\/p>\n\n\n\n<h2 class=\"wp-block-heading\">7. Felel\u0151ss\u00e9g<\/h2>\n\n\n\n<p>(1) A Szolg\u00e1ltat\u00f3 semmif\u00e9le felel\u0151ss\u00e9get sem v\u00e1llal az Urbangon val\u00f3 r\u00e9szv\u00e9telb\u0151l ered\u0151, vagy azzal kapcsolatosan keletkez\u0151 szem\u00e9lyi, vagyoni \u00e9s nem vagyoni k\u00e1rok\u00e9rt.<\/p>\n\n\n\n<p>(2) A Szolg\u00e1ltat\u00f3 kiz\u00e1rja a felel\u0151ss\u00e9g\u00e9t a t\u00faravonal, illetve t\u00faravonalon l\u00e9v\u0151 eszk\u00f6z\u00f6k, st\u00e1ci\u00f3k megk\u00f6zel\u00edthetetlens\u00e9g\u00e9\u00e9rt, haszn\u00e1lhatatlans\u00e1g\u00e1\u00e9rt, instrukci\u00f3k vagy inform\u00e1ci\u00f3k hi\u00e1ny\u00e1\u00e9rt, haszn\u00e1lhatatlans\u00e1g\u00e1\u00e9rt, \u00e9rtelmezhetetlens\u00e9g\u00e9rt.<\/p>\n\n\n\n<p>(3) A r\u00e9sztvev\u0151k tudom\u00e1sul veszik \u00e9s elfogadj\u00e1k, hogy kiz\u00e1r\u00f3lag saj\u00e1t felel\u0151ss\u00e9gen vesznek \u00e9s vehetnek r\u00e9szt az Urbangon, \u00e9s semmif\u00e9le k\u00f6vetel\u00e9s\u00fck nem sz\u00e1rmazik abb\u00f3l, ha b\u00e1rmilyen okb\u00f3l, ide\u00e9rtve a Szolg\u00e1ltat\u00f3nak felr\u00f3hat\u00f3 okb\u00f3l nem tudj\u00e1k az Urbangot a meghirdetetett m\u00f3don ig\u00e9nybe venni.<\/p>\n\n\n\n<p>(4) A Szervez\u0151 tov\u00e1bb\u00e1 kiz\u00e1rja mindennem\u0171 felel\u0151ss\u00e9g\u00e9t harmadik szem\u00e9lyek, ide\u00e9rtve a Partnerek \u00e1ltal ny\u00fajtott szolg\u00e1ltat\u00e1sok\u00e9rt.<\/p>\n\n\n\n<h2 class=\"wp-block-heading\">8. Aj\u00e1nd\u00e9kutalv\u00e1ny<\/h2>\n\n\n\n<p>(1) Aj\u00e1nd\u00e9kutalv\u00e1ny v\u00e1s\u00e1rl\u00e1s\u00e1ra a honlapon kereszt\u00fcl, az erre kialak\u00edtott fel\u00fcleten ny\u00edlik lehet\u0151s\u00e9g.<\/p>\n\n\n\n<p>(2) Az aj\u00e1nd\u00e9kutalv\u00e1nyok megv\u00e1s\u00e1rl\u00e1s\u00e1val egyidej\u0171leg Felhaszn\u00e1l\u00f3 elfogadja az \u00c1ltal\u00e1nos Szerz\u0151d\u00e9si Felt\u00e9telekben foglaltakat.<\/p>\n\n\n\n<p>(3) Az aj\u00e1nd\u00e9kutalv\u00e1ny ki\u00e1ll\u00edt\u00e1sa n\u00e9vre sz\u00f3l\u00f3an utalv\u00e1ny form\u00e1j\u00e1ban t\u00f6rt\u00e9nik. Az utalv\u00e1nyok korl\u00e1tlan ideig bev\u00e1lthat\u00f3ak, lej\u00e1rati idej\u00fck nincs.&nbsp;Minden aj\u00e1nd\u00e9kutalv\u00e1ny egyedi azonos\u00edt\u00f3val ell\u00e1tott, amely azonos\u00edt\u00f3 n\u00e9lk\u00fcl az utalv\u00e1ny nem \u00e9rv\u00e9nyes \u00e9s nem haszn\u00e1lhat\u00f3 fel.<\/p>\n\n\n\n<p>(4) Szolg\u00e1ltat\u00f3nak \u2013 k\u00fcl\u00f6nleges esetben \u2013 joga van \u00e9rv\u00e9nyess\u00e9gi id\u0151t meghat\u00e1rozni egyes utalv\u00e1nyok eset\u00e9ben.<\/p>\n\n\n\n<p>(5) Szolg\u00e1ltat\u00f3 garant\u00e1lja, hogy minden utalv\u00e1ny felhaszn\u00e1l\u00e1s\u00e1ra biztos\u00edt lehet\u0151s\u00e9get, ahhoz kell\u0151 sz\u00e1m\u00fa programot szervez, de fenntartja a jogot az aktu\u00e1lis programk\u00edn\u00e1lat megv\u00e1ltoztat\u00e1s\u00e1ra.<\/p>\n\n\n\n<p>(6) A megv\u00e1ltozott programk\u00edn\u00e1lat, illetve az az eset, amennyiben Elad\u00f3 b\u00e1rmilyen okb\u00f3l felf\u00fcggeszti vagy befejezi tev\u00e9kenys\u00e9g\u00e9t, nem jogos\u00edt az aj\u00e1nd\u00e9kutalv\u00e1ny \u00e1r\u00e1nak visszat\u00e9r\u00edt\u00e9s\u00e9re.<\/p>\n\n\n\n<h2 class=\"wp-block-heading\">9. Szerz\u0151i jog<\/h2>\n\n\n\n<p>A Holnap, a T\u00fara, vagy azokkal kapcsolatosan b\u00e1rmilyen eszk\u00f6z, dokumentum, \u00edgy k\u00fcl\u00f6n\u00f6sen a T\u00fara dokumentumok (t\u00e9rk\u00e9pek stb.), \u00f6tlet \u00e9s elgondol\u00e1s a Szolg\u00e1ltat\u00f3 \u00e9s a j\u00e1t\u00e9k rendszergazd\u00e1ja, az Urbango Kft. (sz\u00e9khely: 1126 Bp. T\u00f3th L\u0151rinc u 26.) szellemi tulajdona, azok m\u00e1sol\u00e1sa, \u00e1tad\u00e1sa, nyilv\u00e1noss\u00e1gra hozatala, szolg\u00e1ltat\u00e1sny\u00fajt\u00e1shoz val\u00f3 felhaszn\u00e1l\u00e1sa vagy egy\u00e9b a fentiekt\u0151l elt\u00e9r\u0151 c\u00e9lra val\u00f3 felhaszn\u00e1l\u00e1sa tilos, \u00e9s az ilyen felhaszn\u00e1l\u00e1s ellen a Szolg\u00e1ltat\u00f3 polg\u00e1ri \u00e9s b\u00fcntet\u0151jogi eszk\u00f6z\u00f6kkel fell\u00e9p.<\/p>","protected":false},"excerpt":{"rendered":"<p>Amely l\u00e9trej\u00f6tt az Urbango g\u00f6d\u00f6ll\u0151i p\u00e1ly\u00e1j\u00e1t \u00fczemeltet\u0151 Wangor Kft. (2100 G\u00f6d\u00f6ll\u0151, Alma utca 57., tov\u00e1bbiakban: Szolg\u00e1ltat\u00f3), \u00e9s a weboldalon megv\u00e1s\u00e1rolt Urbango nyomkeres\u0151 v\u00e1rosn\u00e9z\u0151 kalandoz\u00e1s szolg\u00e1ltat\u00e1s (tov\u00e1bbiakban: Urbango) ig\u00e9nybevev\u0151je ( a tov\u00e1bbiakban: Felhaszn\u00e1l\u00f3) k\u00f6z\u00f6tt. Az Urbango weboldal a www.urbango.hu webc\u00edmen \u00e9rhet\u0151 el 1. Foglal\u00e1s (1) A Weboldal l\u00e1togat\u00e1sa, valamint a lehets\u00e9ges foglal\u00e1si id\u0151pontok megtekint\u00e9se el\u0151zetes regisztr\u00e1ci\u00f3hoz [&hellip;]<\/p>","protected":false},"author":1,"featured_media":0,"parent":0,"menu_order":0,"comment_status":"closed","ping_status":"closed","template":"gdpr.php","meta":{"_acf_changed":false,"footnotes":""},"class_list":["post-45","page","type-page","status-publish","hentry"],"acf":[],"_links":{"self":[{"href":"https:\/\/godollo.urbango.hu\/en\/wp-json\/wp\/v2\/pages\/45"}],"collection":[{"href":"https:\/\/godollo.urbango.hu\/en\/wp-json\/wp\/v2\/pages"}],"about":[{"href":"https:\/\/godollo.urbango.hu\/en\/wp-json\/wp\/v2\/types\/page"}],"author":[{"embeddable":true,"href":"https:\/\/godollo.urbango.hu\/en\/wp-json\/wp\/v2\/users\/1"}],"replies":[{"embeddable":true,"href":"https:\/\/godollo.urbango.hu\/en\/wp-json\/wp\/v2\/comments?post=45"}],"version-history":[{"count":7,"href":"https:\/\/godollo.urbango.hu\/en\/wp-json\/wp\/v2\/pages\/45\/revisions"}],"predecessor-version":[{"id":3049,"href":"https:\/\/godollo.urbango.hu\/en\/wp-json\/wp\/v2\/pages\/45\/revisions\/3049"}],"wp:attachment":[{"href":"https:\/\/godollo.urbango.hu\/en\/wp-json\/wp\/v2\/media?parent=45"}],"curies":[{"name":"wp","href":"https:\/\/api.w.org\/{rel}","templated":true}]}}