{"id":49,"date":"2019-11-14T10:46:45","date_gmt":"2019-11-14T10:46:45","guid":{"rendered":"http:\/\/godollo.urbango.hu\/?page_id=49"},"modified":"2023-03-05T09:45:01","modified_gmt":"2023-03-05T07:45:01","slug":"elerhetoseg","status":"publish","type":"page","link":"https:\/\/godollo.urbango.hu\/en\/elerhetoseg\/","title":{"rendered":"El\u00e9rhet\u0151s\u00e9g"},"content":{"rendered":"<ul class=\"vertical\">\n\t\t<li>\n\t\t\t<span>Urbango Iroda G\u00f6d\u00f6ll\u0151 2100 G\u00f6d\u00f6ll\u0151, Alma u. 57.\n<\/span>\n\t\t<\/li>\n\t\t<li>\n\t\t\t<span>H-P: 10:00 &#8211; 17:00<\/span>\n\t\t<\/li>\n\t\t<li>\n\t\t\t<a href=\"mailto:godollo@urbango.hu\">godollo@urbango.hu<\/a>\n\t\t<\/li>\n\t\t<li>\n\t\t\t<a href=\"tel: 36 30 539 2273\">+36 30 539 2273<\/a>\n\t\t<\/li>\n\t<\/ul>","protected":false},"excerpt":{"rendered":"<p>Urbango Iroda G\u00f6d\u00f6ll\u0151 2100 G\u00f6d\u00f6ll\u0151, Alma u. 57. H-P: 10:00 &#8211; 17:00 godollo@urbango.hu +36 30 539 2273<\/p>","protected":false},"author":1,"featured_media":0,"parent":0,"menu_order":0,"comment_status":"closed","ping_status":"closed","template":"contacts.php","meta":{"_acf_changed":false,"footnotes":""},"class_list":["post-49","page","type-page","status-publish","hentry"],"acf":[],"_links":{"self":[{"href":"https:\/\/godollo.urbango.hu\/en\/wp-json\/wp\/v2\/pages\/49"}],"collection":[{"href":"https:\/\/godollo.urbango.hu\/en\/wp-json\/wp\/v2\/pages"}],"about":[{"href":"https:\/\/godollo.urbango.hu\/en\/wp-json\/wp\/v2\/types\/page"}],"author":[{"embeddable":true,"href":"https:\/\/godollo.urbango.hu\/en\/wp-json\/wp\/v2\/users\/1"}],"replies":[{"embeddable":true,"href":"https:\/\/godollo.urbango.hu\/en\/wp-json\/wp\/v2\/comments?post=49"}],"version-history":[{"count":5,"href":"https:\/\/godollo.urbango.hu\/en\/wp-json\/wp\/v2\/pages\/49\/revisions"}],"predecessor-version":[{"id":5853,"href":"https:\/\/godollo.urbango.hu\/en\/wp-json\/wp\/v2\/pages\/49\/revisions\/5853"}],"wp:attachment":[{"href":"https:\/\/godollo.urbango.hu\/en\/wp-json\/wp\/v2\/media?parent=49"}],"curies":[{"name":"wp","href":"https:\/\/api.w.org\/{rel}","templated":true}]}}