{"id":900,"date":"2019-11-28T16:56:37","date_gmt":"2019-11-28T15:56:37","guid":{"rendered":"https:\/\/godollo.urbango.hu\/?page_id=900"},"modified":"2024-09-05T13:26:33","modified_gmt":"2024-09-05T11:26:33","slug":"godollo","status":"publish","type":"page","link":"https:\/\/godollo.urbango.hu\/en\/","title":{"rendered":"G\u00f6d\u00f6ll\u0151"},"content":{"rendered":"<p>G\u00f6d\u00f6ll\u0151 Pest megye egyik kis \u00e9kszerdoboza. Mes\u00e9s belv\u00e1rosa, izgalmas parkjai, csinos lak\u00f3\u00f6vezeti mellett a Grassalkovich-kast\u00e9ly pomp\u00e1ja \u00e9s l\u00e1tv\u00e1nya koron\u00e1zza meg a v\u00e1ros k\u00fcl\u00f6nleges hangulat\u00e1t. Nem csoda, hogy Sisi ennyire rajongott ez\u00e9rt a hely\u00e9rt!<\/p>\n\n\n\n<p>A s\u00e9t\u00e1lni kedvel\u0151knek Sisi p\u00e1ly\u00e1nkat aj\u00e1nljuk, a p\u00e1lya \u00e9rinti a Kir\u00e1lyi Kast\u00e9lyt \u00e9s annak gy\u00f6ny\u00f6r\u0171 parkj\u00e1t is. <\/p>\n\n\n\n<p>A g\u00f6d\u00f6ll\u0151i p\u00e1lya j\u00f3t\u00e9konys\u00e1gi Urbango p\u00e1lya is egyben, mivel az itteni p\u00e1lya nyeres\u00e9g\u00e9nek 50 sz\u00e1zal\u00e9k\u00e1t a Civil Ir\u00e1nyt\u0171 Alap\u00edtv\u00e1nynak utaljuk \u00e1t.<\/p>","protected":false},"excerpt":{"rendered":"<p>G\u00f6d\u00f6ll\u0151 Pest megye egyik kis \u00e9kszerdoboza. Mes\u00e9s belv\u00e1rosa, izgalmas parkjai, csinos lak\u00f3\u00f6vezeti mellett a Grassalkovich-kast\u00e9ly pomp\u00e1ja \u00e9s l\u00e1tv\u00e1nya koron\u00e1zza meg a v\u00e1ros k\u00fcl\u00f6nleges hangulat\u00e1t. Nem csoda, hogy Sisi ennyire rajongott ez\u00e9rt a hely\u00e9rt! A s\u00e9t\u00e1lni kedvel\u0151knek Sisi p\u00e1ly\u00e1nkat aj\u00e1nljuk, a p\u00e1lya \u00e9rinti a Kir\u00e1lyi Kast\u00e9lyt \u00e9s annak gy\u00f6ny\u00f6r\u0171 parkj\u00e1t is. A g\u00f6d\u00f6ll\u0151i p\u00e1lya j\u00f3t\u00e9konys\u00e1gi Urbango [&hellip;]<\/p>","protected":false},"author":1,"featured_media":0,"parent":0,"menu_order":0,"comment_status":"closed","ping_status":"closed","template":"","meta":{"_acf_changed":false,"footnotes":""},"class_list":["post-900","page","type-page","status-publish","hentry"],"acf":[],"_links":{"self":[{"href":"https:\/\/godollo.urbango.hu\/en\/wp-json\/wp\/v2\/pages\/900"}],"collection":[{"href":"https:\/\/godollo.urbango.hu\/en\/wp-json\/wp\/v2\/pages"}],"about":[{"href":"https:\/\/godollo.urbango.hu\/en\/wp-json\/wp\/v2\/types\/page"}],"author":[{"embeddable":true,"href":"https:\/\/godollo.urbango.hu\/en\/wp-json\/wp\/v2\/users\/1"}],"replies":[{"embeddable":true,"href":"https:\/\/godollo.urbango.hu\/en\/wp-json\/wp\/v2\/comments?post=900"}],"version-history":[{"count":7,"href":"https:\/\/godollo.urbango.hu\/en\/wp-json\/wp\/v2\/pages\/900\/revisions"}],"predecessor-version":[{"id":6790,"href":"https:\/\/godollo.urbango.hu\/en\/wp-json\/wp\/v2\/pages\/900\/revisions\/6790"}],"wp:attachment":[{"href":"https:\/\/godollo.urbango.hu\/en\/wp-json\/wp\/v2\/media?parent=900"}],"curies":[{"name":"wp","href":"https:\/\/api.w.org\/{rel}","templated":true}]}}